{"id":6195,"date":"2016-05-27T20:39:38","date_gmt":"2016-05-27T19:39:38","guid":{"rendered":"https:\/\/nakarmeli.cz\/?page_id=6195&#038;lang=en"},"modified":"2016-10-02T22:09:16","modified_gmt":"2016-10-02T21:09:16","slug":"budova-a","status":"publish","type":"page","link":"https:\/\/nakarmeli.cz\/en\/galerie\/budova-a\/","title":{"rendered":"Building A"},"content":{"rendered":"<p><a href=\"https:\/\/nakarmeli.cz\/files\/uploads\/2016\/01\/img024.jpg\" rel=\"attachment wp-att-5975\"><img loading=\"lazy\" decoding=\"async\" class=\"aligncenter wp-image-5975 size-bigsquare\" src=\"https:\/\/nakarmeli.cz\/files\/uploads\/2016\/01\/img024-596x596.jpg\" alt=\"Vzd\u011bl\u00e1vac\u00ed centrum Na Karmeli - exteri\u00e9r\" width=\"596\" height=\"596\" srcset=\"https:\/\/nakarmeli.cz\/files\/uploads\/2016\/01\/img024-596x596.jpg 596w, https:\/\/nakarmeli.cz\/files\/uploads\/2016\/01\/img024-150x150.jpg 150w, https:\/\/nakarmeli.cz\/files\/uploads\/2016\/01\/img024-300x300.jpg 300w\" sizes=\"auto, (max-width: 596px) 100vw, 596px\" \/><\/a><a href=\"https:\/\/nakarmeli.cz\/files\/uploads\/2016\/01\/karmel2.jpg\" rel=\"attachment wp-att-5976\"><img loading=\"lazy\" decoding=\"async\" class=\"aligncenter wp-image-5976 size-bigsquare\" src=\"https:\/\/nakarmeli.cz\/files\/uploads\/2016\/01\/karmel2-596x596.jpg\" alt=\"karmel2\" width=\"596\" height=\"596\" srcset=\"https:\/\/nakarmeli.cz\/files\/uploads\/2016\/01\/karmel2-596x596.jpg 596w, https:\/\/nakarmeli.cz\/files\/uploads\/2016\/01\/karmel2-150x150.jpg 150w, https:\/\/nakarmeli.cz\/files\/uploads\/2016\/01\/karmel2-300x300.jpg 300w\" sizes=\"auto, (max-width: 596px) 100vw, 596px\" \/><\/a><a href=\"https:\/\/nakarmeli.cz\/files\/uploads\/2016\/01\/karmel6-u.jpg\" rel=\"attachment wp-att-5977\"><img loading=\"lazy\" decoding=\"async\" class=\"aligncenter wp-image-5977 size-bigsquare\" src=\"https:\/\/nakarmeli.cz\/files\/uploads\/2016\/01\/karmel6-u-596x596.jpg\" alt=\"karmel6 u\" width=\"596\" height=\"596\" srcset=\"https:\/\/nakarmeli.cz\/files\/uploads\/2016\/01\/karmel6-u-596x596.jpg 596w, https:\/\/nakarmeli.cz\/files\/uploads\/2016\/01\/karmel6-u-150x150.jpg 150w, https:\/\/nakarmeli.cz\/files\/uploads\/2016\/01\/karmel6-u-300x300.jpg 300w\" sizes=\"auto, (max-width: 596px) 100vw, 596px\" \/><\/a><\/p>\n","protected":false},"excerpt":{"rendered":"","protected":false},"author":3,"featured_media":0,"parent":6185,"menu_order":19,"comment_status":"closed","ping_status":"closed","template":"","meta":{"_acf_changed":false,"footnotes":""},"class_list":["post-6195","page","type-page","status-publish","hentry"],"acf":[],"yoast_head":"<!-- This site is optimized with the Yoast SEO plugin v27.3 - https:\/\/yoast.com\/product\/yoast-seo-wordpress\/ -->\n<title>Building A - NA KARMELI<\/title>\n<meta name=\"robots\" content=\"index, follow, max-snippet:-1, max-image-preview:large, max-video-preview:-1\" \/>\n<link rel=\"canonical\" href=\"https:\/\/nakarmeli.cz\/en\/galerie\/budova-a\/\" \/>\n<meta property=\"og:locale\" content=\"en_US\" \/>\n<meta property=\"og:type\" content=\"article\" \/>\n<meta property=\"og:title\" content=\"Building A - NA KARMELI\" \/>\n<meta property=\"og:url\" content=\"https:\/\/nakarmeli.cz\/en\/galerie\/budova-a\/\" \/>\n<meta property=\"og:site_name\" content=\"NA KARMELI\" \/>\n<meta property=\"article:modified_time\" content=\"2016-10-02T21:09:16+00:00\" \/>\n<meta property=\"og:image\" content=\"https:\/\/nakarmeli.cz\/files\/uploads\/2016\/01\/img024-596x596.jpg\" \/>\n<meta name=\"twitter:card\" content=\"summary_large_image\" \/>\n<script type=\"application\/ld+json\" class=\"yoast-schema-graph\">{\"@context\":\"https:\\\/\\\/schema.org\",\"@graph\":[{\"@type\":\"WebPage\",\"@id\":\"https:\\\/\\\/nakarmeli.cz\\\/en\\\/galerie\\\/budova-a\\\/\",\"url\":\"https:\\\/\\\/nakarmeli.cz\\\/en\\\/galerie\\\/budova-a\\\/\",\"name\":\"Building A - NA KARMELI\",\"isPartOf\":{\"@id\":\"https:\\\/\\\/nakarmeli.cz\\\/#website\"},\"primaryImageOfPage\":{\"@id\":\"https:\\\/\\\/nakarmeli.cz\\\/en\\\/galerie\\\/budova-a\\\/#primaryimage\"},\"image\":{\"@id\":\"https:\\\/\\\/nakarmeli.cz\\\/en\\\/galerie\\\/budova-a\\\/#primaryimage\"},\"thumbnailUrl\":\"https:\\\/\\\/nakarmeli.cz\\\/files\\\/uploads\\\/2016\\\/01\\\/img024-596x596.jpg\",\"datePublished\":\"2016-05-27T19:39:38+00:00\",\"dateModified\":\"2016-10-02T21:09:16+00:00\",\"breadcrumb\":{\"@id\":\"https:\\\/\\\/nakarmeli.cz\\\/en\\\/galerie\\\/budova-a\\\/#breadcrumb\"},\"inLanguage\":\"en-US\",\"potentialAction\":[{\"@type\":\"ReadAction\",\"target\":[\"https:\\\/\\\/nakarmeli.cz\\\/en\\\/galerie\\\/budova-a\\\/\"]}]},{\"@type\":\"ImageObject\",\"inLanguage\":\"en-US\",\"@id\":\"https:\\\/\\\/nakarmeli.cz\\\/en\\\/galerie\\\/budova-a\\\/#primaryimage\",\"url\":\"https:\\\/\\\/nakarmeli.cz\\\/files\\\/uploads\\\/2016\\\/01\\\/img024-596x596.jpg\",\"contentUrl\":\"https:\\\/\\\/nakarmeli.cz\\\/files\\\/uploads\\\/2016\\\/01\\\/img024-596x596.jpg\"},{\"@type\":\"BreadcrumbList\",\"@id\":\"https:\\\/\\\/nakarmeli.cz\\\/en\\\/galerie\\\/budova-a\\\/#breadcrumb\",\"itemListElement\":[{\"@type\":\"ListItem\",\"position\":1,\"name\":\"Home\",\"item\":\"https:\\\/\\\/nakarmeli.cz\\\/en\\\/\"},{\"@type\":\"ListItem\",\"position\":2,\"name\":\"Gallery\",\"item\":\"https:\\\/\\\/nakarmeli.cz\\\/en\\\/galerie\\\/\"},{\"@type\":\"ListItem\",\"position\":3,\"name\":\"Building A\"}]},{\"@type\":\"WebSite\",\"@id\":\"https:\\\/\\\/nakarmeli.cz\\\/#website\",\"url\":\"https:\\\/\\\/nakarmeli.cz\\\/\",\"name\":\"NA KARMELI\",\"description\":\"Education center Na Karmeli\",\"potentialAction\":[{\"@type\":\"SearchAction\",\"target\":{\"@type\":\"EntryPoint\",\"urlTemplate\":\"https:\\\/\\\/nakarmeli.cz\\\/?s={search_term_string}\"},\"query-input\":{\"@type\":\"PropertyValueSpecification\",\"valueRequired\":true,\"valueName\":\"search_term_string\"}}],\"inLanguage\":\"en-US\"}]}<\/script>\n<!-- \/ Yoast SEO plugin. -->","yoast_head_json":{"title":"Building A - NA KARMELI","robots":{"index":"index","follow":"follow","max-snippet":"max-snippet:-1","max-image-preview":"max-image-preview:large","max-video-preview":"max-video-preview:-1"},"canonical":"https:\/\/nakarmeli.cz\/en\/galerie\/budova-a\/","og_locale":"en_US","og_type":"article","og_title":"Building A - NA KARMELI","og_url":"https:\/\/nakarmeli.cz\/en\/galerie\/budova-a\/","og_site_name":"NA KARMELI","article_modified_time":"2016-10-02T21:09:16+00:00","og_image":[{"url":"https:\/\/nakarmeli.cz\/files\/uploads\/2016\/01\/img024-596x596.jpg","type":"","width":"","height":""}],"twitter_card":"summary_large_image","schema":{"@context":"https:\/\/schema.org","@graph":[{"@type":"WebPage","@id":"https:\/\/nakarmeli.cz\/en\/galerie\/budova-a\/","url":"https:\/\/nakarmeli.cz\/en\/galerie\/budova-a\/","name":"Building A - NA KARMELI","isPartOf":{"@id":"https:\/\/nakarmeli.cz\/#website"},"primaryImageOfPage":{"@id":"https:\/\/nakarmeli.cz\/en\/galerie\/budova-a\/#primaryimage"},"image":{"@id":"https:\/\/nakarmeli.cz\/en\/galerie\/budova-a\/#primaryimage"},"thumbnailUrl":"https:\/\/nakarmeli.cz\/files\/uploads\/2016\/01\/img024-596x596.jpg","datePublished":"2016-05-27T19:39:38+00:00","dateModified":"2016-10-02T21:09:16+00:00","breadcrumb":{"@id":"https:\/\/nakarmeli.cz\/en\/galerie\/budova-a\/#breadcrumb"},"inLanguage":"en-US","potentialAction":[{"@type":"ReadAction","target":["https:\/\/nakarmeli.cz\/en\/galerie\/budova-a\/"]}]},{"@type":"ImageObject","inLanguage":"en-US","@id":"https:\/\/nakarmeli.cz\/en\/galerie\/budova-a\/#primaryimage","url":"https:\/\/nakarmeli.cz\/files\/uploads\/2016\/01\/img024-596x596.jpg","contentUrl":"https:\/\/nakarmeli.cz\/files\/uploads\/2016\/01\/img024-596x596.jpg"},{"@type":"BreadcrumbList","@id":"https:\/\/nakarmeli.cz\/en\/galerie\/budova-a\/#breadcrumb","itemListElement":[{"@type":"ListItem","position":1,"name":"Home","item":"https:\/\/nakarmeli.cz\/en\/"},{"@type":"ListItem","position":2,"name":"Gallery","item":"https:\/\/nakarmeli.cz\/en\/galerie\/"},{"@type":"ListItem","position":3,"name":"Building A"}]},{"@type":"WebSite","@id":"https:\/\/nakarmeli.cz\/#website","url":"https:\/\/nakarmeli.cz\/","name":"NA KARMELI","description":"Education center Na Karmeli","potentialAction":[{"@type":"SearchAction","target":{"@type":"EntryPoint","urlTemplate":"https:\/\/nakarmeli.cz\/?s={search_term_string}"},"query-input":{"@type":"PropertyValueSpecification","valueRequired":true,"valueName":"search_term_string"}}],"inLanguage":"en-US"}]}},"_links":{"self":[{"href":"https:\/\/nakarmeli.cz\/en\/wp-json\/wp\/v2\/pages\/6195","targetHints":{"allow":["GET"]}}],"collection":[{"href":"https:\/\/nakarmeli.cz\/en\/wp-json\/wp\/v2\/pages"}],"about":[{"href":"https:\/\/nakarmeli.cz\/en\/wp-json\/wp\/v2\/types\/page"}],"author":[{"embeddable":true,"href":"https:\/\/nakarmeli.cz\/en\/wp-json\/wp\/v2\/users\/3"}],"replies":[{"embeddable":true,"href":"https:\/\/nakarmeli.cz\/en\/wp-json\/wp\/v2\/comments?post=6195"}],"version-history":[{"count":0,"href":"https:\/\/nakarmeli.cz\/en\/wp-json\/wp\/v2\/pages\/6195\/revisions"}],"up":[{"embeddable":true,"href":"https:\/\/nakarmeli.cz\/en\/wp-json\/wp\/v2\/pages\/6185"}],"wp:attachment":[{"href":"https:\/\/nakarmeli.cz\/en\/wp-json\/wp\/v2\/media?parent=6195"}],"curies":[{"name":"wp","href":"https:\/\/api.w.org\/{rel}","templated":true}]}}